{"id":981,"date":"2021-06-30T14:12:16","date_gmt":"2021-06-30T11:12:16","guid":{"rendered":"https:\/\/www.bmmp.lv\/pirmsskola\/?page_id=981"},"modified":"2024-04-25T03:52:52","modified_gmt":"2024-04-25T03:52:52","slug":"daliba-pasakumos","status":"publish","type":"page","link":"https:\/\/www.bmmp.lv\/muzikas\/par-skolu\/daliba-pasakumos\/","title":{"rendered":"Dal\u012bba pas\u0101kumos"},"content":{"rendered":"<h4>M\u016bzikas skolas audz\u0113k\u0146u un skolot\u0101ju dal\u012bba rado\u0161ajos pas\u0101kumos.<\/h4>\n<ul>\n<li style=\"text-align: left\">MS organiz\u0113tie pas\u0101kumi<\/li>\n<li style=\"text-align: left\">Re\u0123ion\u0101lie un valsts konkursi<\/li>\n<li style=\"text-align: left\">Citu organiz\u0101ciju organiz\u0113ti pas\u0101kumi<\/li>\n<\/ul>\n<table style=\"font-weight: 400\">\n<tbody>\n<tr>\n<td>Nr.p.k.<\/td>\n<td>Laiks<\/td>\n<td>Vieta<\/td>\n<td>Pas\u0101kuma t\u0113ma, nosaukums<\/td>\n<td>Dal\u012bbnieki<\/td>\n<\/tr>\n<tr>\n<td>1.<\/td>\n<td><\/td>\n<td><\/td>\n<td><\/td>\n<td><\/td>\n<\/tr>\n<tr>\n<td>2.<\/td>\n<td><\/td>\n<td><\/td>\n<td><\/td>\n<td><\/td>\n<\/tr>\n<tr>\n<td>3.<\/td>\n<td><\/td>\n<td><\/td>\n<td><\/td>\n<td><\/td>\n<\/tr>\n<tr>\n<td>4.<\/td>\n<td><\/td>\n<td><\/td>\n<td><\/td>\n<td><\/td>\n<\/tr>\n<tr>\n<td>5.<\/td>\n<td><\/td>\n<td><\/td>\n<td><\/td>\n<td><\/td>\n<\/tr>\n<tr>\n<td>6.<\/td>\n<td><\/td>\n<td><\/td>\n<td><\/td>\n<td><\/td>\n<\/tr>\n<tr>\n<td>7.<\/td>\n<td><\/td>\n<td><\/td>\n<td><\/td>\n<td><\/td>\n<\/tr>\n<tr>\n<td>8.<\/td>\n<td><\/td>\n<td><\/td>\n<td><\/td>\n<td><\/td>\n<\/tr>\n<tr>\n<td>9.<\/td>\n<td><\/td>\n<td><\/td>\n<td><\/td>\n<td><\/td>\n<\/tr>\n<tr>\n<td>10.<\/td>\n<td><\/td>\n<td><\/td>\n<td><\/td>\n<td><\/td>\n<\/tr>\n<tr>\n<td>11.<\/td>\n<td><\/td>\n<td><\/td>\n<td><\/td>\n<td><\/td>\n<\/tr>\n<tr>\n<td>12.<\/td>\n<td><\/td>\n<td><\/td>\n<td><\/td>\n<td><\/td>\n<\/tr>\n<tr>\n<td>13.<\/td>\n<td><\/td>\n<td><\/td>\n<td><\/td>\n<td><\/td>\n<\/tr>\n<tr>\n<td>14.<\/td>\n<td><\/td>\n<td><\/td>\n<td><\/td>\n<td><\/td>\n<\/tr>\n<tr>\n<td>14.<\/td>\n<td><\/td>\n<td><\/td>\n<td><\/td>\n<td><\/td>\n<\/tr>\n<tr>\n<td>15.<\/td>\n<td><\/td>\n<td><\/td>\n<td><\/td>\n<td><\/td>\n<\/tr>\n<tr>\n<td>16.<\/td>\n<td><\/td>\n<td><\/td>\n<td><\/td>\n<td><\/td>\n<\/tr>\n<\/tbody>\n<\/table>\n","protected":false},"excerpt":{"rendered":"<p>M\u016bzikas skolas audz\u0113k\u0146u un skolot\u0101ju dal\u012bba rado\u0161ajos pas\u0101kumos. MS organiz\u0113tie pas\u0101kumi Re\u0123ion\u0101lie un valsts konkursi Citu organiz\u0101ciju organiz\u0113ti pas\u0101kumi Nr.p.k. Laiks Vieta Pas\u0101kuma t\u0113ma, nosaukums Dal\u012bbnieki 1. 2. 3. 4. 5. 6. 7. 8. 9. 10. 11. 12. 13. 14. 14. 15. 16.<\/p>\n","protected":false},"author":1,"featured_media":0,"parent":140,"menu_order":10,"comment_status":"closed","ping_status":"closed","template":"","meta":{"_acf_changed":false,"footnotes":""},"class_list":["post-981","page","type-page","status-publish","hentry"],"acf":[],"_links":{"self":[{"href":"https:\/\/www.bmmp.lv\/muzikas\/wp-json\/wp\/v2\/pages\/981","targetHints":{"allow":["GET"]}}],"collection":[{"href":"https:\/\/www.bmmp.lv\/muzikas\/wp-json\/wp\/v2\/pages"}],"about":[{"href":"https:\/\/www.bmmp.lv\/muzikas\/wp-json\/wp\/v2\/types\/page"}],"author":[{"embeddable":true,"href":"https:\/\/www.bmmp.lv\/muzikas\/wp-json\/wp\/v2\/users\/1"}],"replies":[{"embeddable":true,"href":"https:\/\/www.bmmp.lv\/muzikas\/wp-json\/wp\/v2\/comments?post=981"}],"version-history":[{"count":4,"href":"https:\/\/www.bmmp.lv\/muzikas\/wp-json\/wp\/v2\/pages\/981\/revisions"}],"predecessor-version":[{"id":1948,"href":"https:\/\/www.bmmp.lv\/muzikas\/wp-json\/wp\/v2\/pages\/981\/revisions\/1948"}],"up":[{"embeddable":true,"href":"https:\/\/www.bmmp.lv\/muzikas\/wp-json\/wp\/v2\/pages\/140"}],"wp:attachment":[{"href":"https:\/\/www.bmmp.lv\/muzikas\/wp-json\/wp\/v2\/media?parent=981"}],"curies":[{"name":"wp","href":"https:\/\/api.w.org\/{rel}","templated":true}]}}