{"id":976,"date":"2021-06-30T14:07:44","date_gmt":"2021-06-30T11:07:44","guid":{"rendered":"https:\/\/www.bmmp.lv\/pirmsskola\/?page_id=976"},"modified":"2026-03-22T18:10:06","modified_gmt":"2026-03-22T18:10:06","slug":"uznemsanas-kartiba","status":"publish","type":"page","link":"https:\/\/www.bmmp.lv\/muzikas\/uznemsana\/uznemsanas-kartiba\/","title":{"rendered":"Uz\u0146em\u0161anas k\u0101rt\u012bba"},"content":{"rendered":"<h3>Ber\u0123u M\u016bzikas un m\u0101kslas pamatskol\u0101 s\u0101kas uz\u0146em\u0161ana m\u016bzikas programm\u0101s<\/h3>\n<h3>2026.\/27.m.g.<\/h3>\n<h6>Iesnieguma veidlapas , atrodamas skolas m\u0101jas lap\u0101\u00a0\u00a0 \u00a0<a href=\"http:\/\/www.bmmp.lv\">www.bmmp.lv<\/a>\/ m\u016bzika\/ uz\u0146em\u0161ana, tiek pie\u0146emtas kl\u0101tien\u0113 vai elektroniski e-past\u0101 : <a href=\"mailto:bergu.pamatskola@edu.ropazi.lv\">bergu.pamatskola@edu.ropazi.lv<\/a><\/h6>\n<p>Iesnieguma veidlapa &#8211; <strong><a href=\"https:\/\/docs.google.com\/document\/d\/1mzTmtg1YdVv_qtXzUvKrwmtuCFqiXzra\/edit?usp=sharing&amp;ouid=102490041961510862689&amp;rtpof=true&amp;sd=true\" target=\"_blank\" rel=\"noopener\">Uz\u0146em\u0161anas iesniegums<\/a><\/strong>.<\/p>\n<h3>Ber\u0123u M\u016bzikas un m\u0101kslas pamatskola ir akredit\u0113ta l\u012bdz 2028.gadam un \u012bsteno \u0161\u0101das licenc\u0113tas programmas:<\/h3>\n<ul>\n<li>Tausti\u0146instrumentu sp\u0113l\u0113 (klavieres);<\/li>\n<li>St\u012bgu instrumentu sp\u0113l\u0113 (vijole, \u010dells, \u0123it\u0101ra);<\/li>\n<li>P\u016b\u0161aminstrumentu sp\u0113l\u0113 (flauta, klarnete, saksofons);<\/li>\n<li>Vok\u0101laj\u0101 m\u016bzik\u0101 (kora klase);<\/li>\n<li>Sitaminstrumentu sp\u0113l\u0113.<\/li>\n<\/ul>\n<p>2024.gad\u0101 pied\u0101v\u0101jam b\u0113rniem no 5 &#8211; 6 gadu vecumam m\u0101c\u012bbas <b>SAGATAVO\u0160ANAS KLAS\u0112<\/b> intere\u0161u izgl\u012bt\u012bbas programm\u0101.<\/p>\n<p><strong>Iest\u0101jp\u0101rbaud\u012bjums<\/strong>\u00a0<strong>uz\u00a0 1.klasi notiks:<\/strong><\/p>\n<p><strong>2026.gada 1. j\u016bnij\u0101 no plkst.14.00 \u2013 18.00<\/strong><\/p>\n<ul>\n<li><strong>m\u016bzik\u0101 \u2013 maz\u0101 skol\u0101 dir. vietn. kabinet\u0101.<\/strong><\/li>\n<\/ul>\n<p><strong>Lai uzs\u0101ktu m\u0101c\u012bbas 1. klas\u0113:<\/strong><\/p>\n<ul>\n<li>j\u0101aizpilda iesnieguma veidlapa (tai kl\u0101t j\u0101pievieno b\u0113rna dzim\u0161anas apliec\u012bbas kopija un \u0123imenes \u0101rsta izzi\u0146a);<\/li>\n<li>st\u0101joties uz 2.-9. klasi, j\u0101iesniedz m\u016bzikas skolas liec\u012bba;<\/li>\n<li>j\u0101piedal\u0101s iest\u0101jp\u0101rbaud\u012bjum\u0101.<\/li>\n<\/ul>\n<p><strong>Uz\u0146emot b\u0113rnus 1. klas\u0113<\/strong>, iest\u0101jp\u0101rbaud\u012bjuma laik\u0101 tiek p\u0101rbaud\u012bta b\u0113rna sagatavot\u012bba m\u0101c\u012bb\u0101m m\u016bzikas programm\u0101:<\/p>\n<ul>\n<li>nodzied\u0101t br\u012bvi izv\u0113l\u0113tu dziesmu;<\/li>\n<li>atk\u0101rtot 3-4 pedagoga uzdotus vingrin\u0101jumus (izdziedot ar balsi un izplauk\u0161\u0137inot ar plaukst\u0101m ritmu).<\/li>\n<\/ul>\n<p>&nbsp;<\/p>\n<p><strong>Papildus inform\u0101cija pa t\u0101lr. 25127109<\/strong><\/p>\n<p>&nbsp;<\/p>\n<p>&nbsp;<\/p>\n","protected":false},"excerpt":{"rendered":"<p>Ber\u0123u M\u016bzikas un m\u0101kslas pamatskol\u0101 s\u0101kas uz\u0146em\u0161ana m\u016bzikas programm\u0101s 2026.\/27.m.g. Iesnieguma veidlapas , atrodamas skolas m\u0101jas lap\u0101\u00a0\u00a0 \u00a0www.bmmp.lv\/ m\u016bzika\/ uz\u0146em\u0161ana, tiek pie\u0146emtas kl\u0101tien\u0113 vai elektroniski e-past\u0101 : bergu.pamatskola@edu.ropazi.lv Iesnieguma veidlapa &#8211; Uz\u0146em\u0161anas iesniegums. Ber\u0123u M\u016bzikas un m\u0101kslas pamatskola ir akredit\u0113ta l\u012bdz 2028.gadam un \u012bsteno \u0161\u0101das licenc\u0113tas programmas: Tausti\u0146instrumentu sp\u0113l\u0113 (klavieres); St\u012bgu instrumentu sp\u0113l\u0113 (vijole, \u010dells, [&hellip;]<\/p>\n","protected":false},"author":1,"featured_media":2272,"parent":351,"menu_order":0,"comment_status":"closed","ping_status":"closed","template":"","meta":{"_acf_changed":false,"footnotes":""},"class_list":["post-976","page","type-page","status-publish","has-post-thumbnail","hentry"],"acf":[],"_links":{"self":[{"href":"https:\/\/www.bmmp.lv\/muzikas\/wp-json\/wp\/v2\/pages\/976","targetHints":{"allow":["GET"]}}],"collection":[{"href":"https:\/\/www.bmmp.lv\/muzikas\/wp-json\/wp\/v2\/pages"}],"about":[{"href":"https:\/\/www.bmmp.lv\/muzikas\/wp-json\/wp\/v2\/types\/page"}],"author":[{"embeddable":true,"href":"https:\/\/www.bmmp.lv\/muzikas\/wp-json\/wp\/v2\/users\/1"}],"replies":[{"embeddable":true,"href":"https:\/\/www.bmmp.lv\/muzikas\/wp-json\/wp\/v2\/comments?post=976"}],"version-history":[{"count":5,"href":"https:\/\/www.bmmp.lv\/muzikas\/wp-json\/wp\/v2\/pages\/976\/revisions"}],"predecessor-version":[{"id":2271,"href":"https:\/\/www.bmmp.lv\/muzikas\/wp-json\/wp\/v2\/pages\/976\/revisions\/2271"}],"up":[{"embeddable":true,"href":"https:\/\/www.bmmp.lv\/muzikas\/wp-json\/wp\/v2\/pages\/351"}],"wp:featuredmedia":[{"embeddable":true,"href":"https:\/\/www.bmmp.lv\/muzikas\/wp-json\/wp\/v2\/media\/2272"}],"wp:attachment":[{"href":"https:\/\/www.bmmp.lv\/muzikas\/wp-json\/wp\/v2\/media?parent=976"}],"curies":[{"name":"wp","href":"https:\/\/api.w.org\/{rel}","templated":true}]}}