{"id":202,"date":"2021-06-03T12:01:40","date_gmt":"2021-06-03T09:01:40","guid":{"rendered":"https:\/\/www.bmmp.lv\/pirmsskola\/?page_id=202"},"modified":"2024-04-30T12:15:10","modified_gmt":"2024-04-30T12:15:10","slug":"skolas-telpas-vides","status":"publish","type":"page","link":"https:\/\/www.bmmp.lv\/muzikas\/par-skolu\/skolas-telpas-vides\/","title":{"rendered":"M\u016bsu vide"},"content":{"rendered":"<p>M\u016bzikas skola atrodas Mui\u017eas skolas \u0113k\u0101 blakus skolas basketbola laukumam un m\u0101kslas skolai. Gar skolu tek Juglas upe.<\/p>\n","protected":false},"excerpt":{"rendered":"<p>M\u016bzikas skola atrodas Mui\u017eas skolas \u0113k\u0101 blakus skolas basketbola laukumam un m\u0101kslas skolai. Gar skolu tek Juglas upe.<\/p>\n","protected":false},"author":1,"featured_media":0,"parent":140,"menu_order":4,"comment_status":"closed","ping_status":"closed","template":"","meta":{"_acf_changed":false,"footnotes":""},"class_list":["post-202","page","type-page","status-publish","hentry"],"acf":[],"_links":{"self":[{"href":"https:\/\/www.bmmp.lv\/muzikas\/wp-json\/wp\/v2\/pages\/202","targetHints":{"allow":["GET"]}}],"collection":[{"href":"https:\/\/www.bmmp.lv\/muzikas\/wp-json\/wp\/v2\/pages"}],"about":[{"href":"https:\/\/www.bmmp.lv\/muzikas\/wp-json\/wp\/v2\/types\/page"}],"author":[{"embeddable":true,"href":"https:\/\/www.bmmp.lv\/muzikas\/wp-json\/wp\/v2\/users\/1"}],"replies":[{"embeddable":true,"href":"https:\/\/www.bmmp.lv\/muzikas\/wp-json\/wp\/v2\/comments?post=202"}],"version-history":[{"count":3,"href":"https:\/\/www.bmmp.lv\/muzikas\/wp-json\/wp\/v2\/pages\/202\/revisions"}],"predecessor-version":[{"id":2039,"href":"https:\/\/www.bmmp.lv\/muzikas\/wp-json\/wp\/v2\/pages\/202\/revisions\/2039"}],"up":[{"embeddable":true,"href":"https:\/\/www.bmmp.lv\/muzikas\/wp-json\/wp\/v2\/pages\/140"}],"wp:attachment":[{"href":"https:\/\/www.bmmp.lv\/muzikas\/wp-json\/wp\/v2\/media?parent=202"}],"curies":[{"name":"wp","href":"https:\/\/api.w.org\/{rel}","templated":true}]}}