{"id":172,"date":"2021-06-02T15:53:39","date_gmt":"2021-06-02T12:53:39","guid":{"rendered":"https:\/\/www.bmmp.lv\/pirmsskola\/?page_id=172"},"modified":"2021-06-02T15:53:39","modified_gmt":"2021-06-02T12:53:39","slug":"atbalsta-personals","status":"publish","type":"page","link":"https:\/\/www.bmmp.lv\/muzikas\/kontakti\/atbalsta-personals\/","title":{"rendered":"Atbalsta person\u0101ls"},"content":{"rendered":"<p>\u203c Lai pieteiktos konsult\u0101cijai, l\u016bdzu, sazinieties ar konkr\u0113to atbalsta speci\u0101listu e-klas\u0113.<\/p>\n<p><strong><span lang=\"LV\" xml:lang=\"LV\">Konsult\u0101cijas priorit\u0101ri paredz\u0113tas skol\u0113niem, kuriem ir m\u0101c\u012b\u0161an\u0101s gr\u016bt\u012bbas, k\u0101 ar\u012b skol\u0113niem kuri gatavojas valsts p\u0101rbaudes darbiem par visp\u0101r\u0113jo vid\u0113jo izgl\u012bt\u012bbu.<\/span><\/strong><\/p>\n<p><span lang=\"LV\" xml:lang=\"LV\">Uz individu\u0101laj\u0101m konsult\u0101cij\u0101m tiek uzaicin\u0101ti skol\u0113ni, kuriem p\u0113c skolot\u0101ja v\u0113rt\u0113juma ir gr\u016bt\u012bbas m\u0101c\u012bbu vielas apguv\u0113. Sazinoties ar skolot\u0101ju, skol\u0113ni var pieteikties konsult\u0101cij\u0101m ar\u012b pa\u0161i. Konsult\u0101cijas notiek dienas otraj\u0101 pus\u0113, jo dienas pirmaj\u0101 pus\u0113 turpin\u0101s att\u0101lin\u0101t\u0101s m\u0101c\u012bbas.\u00a0Individu\u0101l\u0101 konsult\u0101cija vienam skol\u0113nam paredz\u0113ta l\u012bdz 40 min\u016bt\u0113m.<\/span><\/p>\n","protected":false},"excerpt":{"rendered":"<p>\u203c Lai pieteiktos konsult\u0101cijai, l\u016bdzu, sazinieties ar konkr\u0113to atbalsta speci\u0101listu e-klas\u0113. Konsult\u0101cijas priorit\u0101ri paredz\u0113tas skol\u0113niem, kuriem ir m\u0101c\u012b\u0161an\u0101s gr\u016bt\u012bbas, k\u0101 ar\u012b skol\u0113niem kuri gatavojas valsts p\u0101rbaudes darbiem par visp\u0101r\u0113jo vid\u0113jo izgl\u012bt\u012bbu. Uz individu\u0101laj\u0101m konsult\u0101cij\u0101m tiek uzaicin\u0101ti skol\u0113ni, kuriem p\u0113c skolot\u0101ja v\u0113rt\u0113juma ir gr\u016bt\u012bbas m\u0101c\u012bbu vielas apguv\u0113. Sazinoties ar skolot\u0101ju, skol\u0113ni var pieteikties konsult\u0101cij\u0101m ar\u012b pa\u0161i. [&hellip;]<\/p>\n","protected":false},"author":1,"featured_media":0,"parent":9,"menu_order":0,"comment_status":"closed","ping_status":"closed","template":"","meta":{"_acf_changed":false,"footnotes":""},"class_list":["post-172","page","type-page","status-publish","hentry"],"acf":[],"_links":{"self":[{"href":"https:\/\/www.bmmp.lv\/muzikas\/wp-json\/wp\/v2\/pages\/172","targetHints":{"allow":["GET"]}}],"collection":[{"href":"https:\/\/www.bmmp.lv\/muzikas\/wp-json\/wp\/v2\/pages"}],"about":[{"href":"https:\/\/www.bmmp.lv\/muzikas\/wp-json\/wp\/v2\/types\/page"}],"author":[{"embeddable":true,"href":"https:\/\/www.bmmp.lv\/muzikas\/wp-json\/wp\/v2\/users\/1"}],"replies":[{"embeddable":true,"href":"https:\/\/www.bmmp.lv\/muzikas\/wp-json\/wp\/v2\/comments?post=172"}],"version-history":[{"count":0,"href":"https:\/\/www.bmmp.lv\/muzikas\/wp-json\/wp\/v2\/pages\/172\/revisions"}],"up":[{"embeddable":true,"href":"https:\/\/www.bmmp.lv\/muzikas\/wp-json\/wp\/v2\/pages\/9"}],"wp:attachment":[{"href":"https:\/\/www.bmmp.lv\/muzikas\/wp-json\/wp\/v2\/media?parent=172"}],"curies":[{"name":"wp","href":"https:\/\/api.w.org\/{rel}","templated":true}]}}