{"id":170,"date":"2021-06-02T15:52:44","date_gmt":"2021-06-02T12:52:44","guid":{"rendered":"https:\/\/www.bmmp.lv\/pirmsskola\/?page_id=170"},"modified":"2024-09-13T12:27:05","modified_gmt":"2024-09-13T12:27:05","slug":"musu-komanda","status":"publish","type":"page","link":"https:\/\/www.bmmp.lv\/muzikas\/par-skolu\/musu-komanda\/","title":{"rendered":"M\u016bsu komanda"},"content":{"rendered":"<p>M\u016bsu skol\u0101 ir lab\u0101kie novada pedagogi un darbinieki, kuri ar degsmi un paciet\u012bbu dara savu darbu. Esam rado\u0161i, atv\u0113rti un mums r\u016bp k\u0101 b\u0113rns j\u016btas skol\u0101.<\/p>\n","protected":false},"excerpt":{"rendered":"<p>M\u016bsu skol\u0101 ir lab\u0101kie novada pedagogi un darbinieki, kuri ar degsmi un paciet\u012bbu dara savu darbu. Esam rado\u0161i, atv\u0113rti un mums r\u016bp k\u0101 b\u0113rns j\u016btas skol\u0101.<\/p>\n","protected":false},"author":1,"featured_media":0,"parent":140,"menu_order":3,"comment_status":"closed","ping_status":"closed","template":"","meta":{"_acf_changed":false,"footnotes":""},"class_list":["post-170","page","type-page","status-publish","hentry"],"acf":[],"_links":{"self":[{"href":"https:\/\/www.bmmp.lv\/muzikas\/wp-json\/wp\/v2\/pages\/170","targetHints":{"allow":["GET"]}}],"collection":[{"href":"https:\/\/www.bmmp.lv\/muzikas\/wp-json\/wp\/v2\/pages"}],"about":[{"href":"https:\/\/www.bmmp.lv\/muzikas\/wp-json\/wp\/v2\/types\/page"}],"author":[{"embeddable":true,"href":"https:\/\/www.bmmp.lv\/muzikas\/wp-json\/wp\/v2\/users\/1"}],"replies":[{"embeddable":true,"href":"https:\/\/www.bmmp.lv\/muzikas\/wp-json\/wp\/v2\/comments?post=170"}],"version-history":[{"count":6,"href":"https:\/\/www.bmmp.lv\/muzikas\/wp-json\/wp\/v2\/pages\/170\/revisions"}],"predecessor-version":[{"id":2105,"href":"https:\/\/www.bmmp.lv\/muzikas\/wp-json\/wp\/v2\/pages\/170\/revisions\/2105"}],"up":[{"embeddable":true,"href":"https:\/\/www.bmmp.lv\/muzikas\/wp-json\/wp\/v2\/pages\/140"}],"wp:attachment":[{"href":"https:\/\/www.bmmp.lv\/muzikas\/wp-json\/wp\/v2\/media?parent=170"}],"curies":[{"name":"wp","href":"https:\/\/api.w.org\/{rel}","templated":true}]}}