{"id":1435,"date":"2021-10-20T10:07:00","date_gmt":"2021-10-20T07:07:00","guid":{"rendered":"https:\/\/www.bmmp.lv\/pirmsskola\/?page_id=1435"},"modified":"2026-02-04T09:53:41","modified_gmt":"2026-02-04T09:53:41","slug":"stundu-izmainas-2","status":"publish","type":"page","link":"https:\/\/www.bmmp.lv\/muzikas\/stundu-izmainas-2\/","title":{"rendered":"Stundu saraksts"},"content":{"rendered":"<p>2025.\/26. m\u0101c\u012bbu gada stundu sarakstu skat\u012bt zem\u0101k.<\/p>\n<p><a href=\"http:\/\/www.bmmp.lv\/muzikas\/wp-content\/uploads\/sites\/2\/2025\/08\/stundusar2025-6-.pdf\" target=\"_blank\" rel=\"noopener\">Stundu saraksts 25.\/26.<\/a><\/p>\n<p><img loading=\"lazy\" decoding=\"async\" class=\"alignnone wp-image-2064\" src=\"http:\/\/www.bmmp.lv\/muzikas\/wp-content\/uploads\/sites\/2\/2024\/09\/stundu-saraksts-300x169.jpg\" alt=\"stundu saraksts\" width=\"451\" height=\"254\" srcset=\"https:\/\/www.bmmp.lv\/muzikas\/wp-content\/uploads\/sites\/2\/2024\/09\/stundu-saraksts-300x169.jpg 300w, https:\/\/www.bmmp.lv\/muzikas\/wp-content\/uploads\/sites\/2\/2024\/09\/stundu-saraksts.jpg 590w\" sizes=\"auto, (max-width: 451px) 100vw, 451px\" \/><\/p>\n","protected":false},"excerpt":{"rendered":"<p>2025.\/26. m\u0101c\u012bbu gada stundu sarakstu skat\u012bt zem\u0101k. Stundu saraksts 25.\/26.<\/p>\n","protected":false},"author":1,"featured_media":0,"parent":0,"menu_order":0,"comment_status":"closed","ping_status":"closed","template":"templates\/lesson-changes.php","meta":{"_acf_changed":false,"footnotes":""},"class_list":["post-1435","page","type-page","status-publish","hentry"],"acf":[],"_links":{"self":[{"href":"https:\/\/www.bmmp.lv\/muzikas\/wp-json\/wp\/v2\/pages\/1435","targetHints":{"allow":["GET"]}}],"collection":[{"href":"https:\/\/www.bmmp.lv\/muzikas\/wp-json\/wp\/v2\/pages"}],"about":[{"href":"https:\/\/www.bmmp.lv\/muzikas\/wp-json\/wp\/v2\/types\/page"}],"author":[{"embeddable":true,"href":"https:\/\/www.bmmp.lv\/muzikas\/wp-json\/wp\/v2\/users\/1"}],"replies":[{"embeddable":true,"href":"https:\/\/www.bmmp.lv\/muzikas\/wp-json\/wp\/v2\/comments?post=1435"}],"version-history":[{"count":5,"href":"https:\/\/www.bmmp.lv\/muzikas\/wp-json\/wp\/v2\/pages\/1435\/revisions"}],"predecessor-version":[{"id":2254,"href":"https:\/\/www.bmmp.lv\/muzikas\/wp-json\/wp\/v2\/pages\/1435\/revisions\/2254"}],"wp:attachment":[{"href":"https:\/\/www.bmmp.lv\/muzikas\/wp-json\/wp\/v2\/media?parent=1435"}],"curies":[{"name":"wp","href":"https:\/\/api.w.org\/{rel}","templated":true}]}}