{"id":140,"date":"2021-05-31T18:29:04","date_gmt":"2021-05-31T15:29:04","guid":{"rendered":"https:\/\/www.bmmp.lv\/pirmsskola\/?page_id=140"},"modified":"2024-04-25T04:04:15","modified_gmt":"2024-04-25T04:04:15","slug":"par-skolu","status":"publish","type":"page","link":"https:\/\/www.bmmp.lv\/muzikas\/par-skolu\/","title":{"rendered":"Par m\u016bzikas skolu"},"content":{"rendered":"<p>Ber\u0123u M\u016bzikas un m\u0101kslas pamatskola atrodas skait\u0101 viet\u0101, Upesciem\u0101, 1.5 km no R\u012bgas robe\u017eas.<\/p>\n<p>Skola ir labiek\u0101rtota, dro\u0161a, m\u016bsdien\u012bga, atv\u0113rta skola, kur\u0101 str\u0101d\u0101 inovat\u012bvs, emp\u0101tisks, rado\u0161s, motiv\u0113ts, uz sadarb\u012bbu v\u0113rsts skolot\u0101js. Te m\u0101c\u0101s zin\u0101tk\u0101rs, atbild\u012bgs, patst\u0101v\u012bgs, draudz\u012bgs, pozit\u012bvs un laim\u012bgs skol\u0113ns, skolas dz\u012bv\u0113 iesaist\u0101s l\u012bdzatbild\u012bgs, saproto\u0161s uz skol\u0113na interes\u0113m orient\u0113ts vec\u0101ks.<\/p>\n","protected":false},"excerpt":{"rendered":"<p>Ber\u0123u M\u016bzikas un m\u0101kslas pamatskola atrodas skait\u0101 viet\u0101, Upesciem\u0101, 1.5 km no R\u012bgas robe\u017eas. Skola ir labiek\u0101rtota, dro\u0161a, m\u016bsdien\u012bga, atv\u0113rta skola, kur\u0101 str\u0101d\u0101 inovat\u012bvs, emp\u0101tisks, rado\u0161s, motiv\u0113ts, uz sadarb\u012bbu v\u0113rsts skolot\u0101js. Te m\u0101c\u0101s zin\u0101tk\u0101rs, atbild\u012bgs, patst\u0101v\u012bgs, draudz\u012bgs, pozit\u012bvs un laim\u012bgs skol\u0113ns, skolas dz\u012bv\u0113 iesaist\u0101s l\u012bdzatbild\u012bgs, saproto\u0161s uz skol\u0113na interes\u0113m orient\u0113ts vec\u0101ks.<\/p>\n","protected":false},"author":1,"featured_media":1949,"parent":0,"menu_order":2,"comment_status":"closed","ping_status":"closed","template":"templates\/about-us-template.php","meta":{"_acf_changed":false,"footnotes":""},"class_list":["post-140","page","type-page","status-publish","has-post-thumbnail","hentry"],"acf":[],"_links":{"self":[{"href":"https:\/\/www.bmmp.lv\/muzikas\/wp-json\/wp\/v2\/pages\/140","targetHints":{"allow":["GET"]}}],"collection":[{"href":"https:\/\/www.bmmp.lv\/muzikas\/wp-json\/wp\/v2\/pages"}],"about":[{"href":"https:\/\/www.bmmp.lv\/muzikas\/wp-json\/wp\/v2\/types\/page"}],"author":[{"embeddable":true,"href":"https:\/\/www.bmmp.lv\/muzikas\/wp-json\/wp\/v2\/users\/1"}],"replies":[{"embeddable":true,"href":"https:\/\/www.bmmp.lv\/muzikas\/wp-json\/wp\/v2\/comments?post=140"}],"version-history":[{"count":5,"href":"https:\/\/www.bmmp.lv\/muzikas\/wp-json\/wp\/v2\/pages\/140\/revisions"}],"predecessor-version":[{"id":1956,"href":"https:\/\/www.bmmp.lv\/muzikas\/wp-json\/wp\/v2\/pages\/140\/revisions\/1956"}],"wp:featuredmedia":[{"embeddable":true,"href":"https:\/\/www.bmmp.lv\/muzikas\/wp-json\/wp\/v2\/media\/1949"}],"wp:attachment":[{"href":"https:\/\/www.bmmp.lv\/muzikas\/wp-json\/wp\/v2\/media?parent=140"}],"curies":[{"name":"wp","href":"https:\/\/api.w.org\/{rel}","templated":true}]}}