{"id":1004,"date":"2021-06-30T15:20:44","date_gmt":"2021-06-30T12:20:44","guid":{"rendered":"https:\/\/www.bmmp.lv\/pirmsskola\/?page_id=1004"},"modified":"2026-04-18T08:50:21","modified_gmt":"2026-04-18T08:50:21","slug":"sasniegumi-2020-2021","status":"publish","type":"page","link":"https:\/\/www.bmmp.lv\/muzikas\/par-skolu\/sasniegumi-2020-2021\/","title":{"rendered":"Sasniegumi"},"content":{"rendered":"<p style=\"text-align: center\"><span style=\"font-size: 18pt\">\u00a0<strong>IV Starptautiskais Oskara Stroka Jauno pianistu un komponistu konkursa fin\u0101ls<\/strong><\/span><\/p>\n<p style=\"text-align: center\">18.04.2026<\/p>\n<p style=\"text-align: center\">Kategorija A \u2013 pianisti: Kristi\u0101ns Ilguns un Jurijs Gu\u0161\u010dins \u2013 I vieta<\/p>\n<p style=\"text-align: center\"><a href=\"http:\/\/www.bmmp.lv\/muzikas\/wp-content\/uploads\/sites\/2\/2026\/04\/Guscins.pdf\" target=\"_blank\" rel=\"noopener\">Diploms &#8211; Gu\u0161\u010dins, <\/a><a href=\"http:\/\/www.bmmp.lv\/muzikas\/wp-content\/uploads\/sites\/2\/2026\/04\/Ilguns.pdf\" target=\"_blank\" rel=\"noopener\"> Diploms &#8211; Ilguns<\/a><\/p>\n<p style=\"text-align: center\">Koncertmeistaru kategorij\u0101 D: Kristi\u0101ns Ilguns un Vivj\u0113na Svari\u0146a \u2013 II vieta<\/p>\n<p style=\"text-align: center\"><a href=\"http:\/\/www.bmmp.lv\/muzikas\/wp-content\/uploads\/sites\/2\/2026\/04\/Ilguns-Svarina.pdf\" target=\"_blank\" rel=\"noopener\">Diploms &#8211; Ilguns, Svari\u0146a<\/a><\/p>\n<p style=\"text-align: center\">Ernests Kalni\u0146\u0161 \u2013 5. klavieru klase <a href=\"http:\/\/www.bmmp.lv\/muzikas\/wp-content\/uploads\/sites\/2\/2026\/04\/Kalnins.pdf\" target=\"_blank\" rel=\"noopener\">Diploms &#8211; Kalni\u0146\u0161<\/a><\/p>\n<h2 style=\"text-align: center\">3. vieta I Starptautiskaj\u0101 jauno pianistu konkurs\u0101 \u201cIeskanies Iecav\u0101!\u201d<\/h2>\n<p style=\"text-align: center\">26.02.2026<\/p>\n<h2 class=\"hero__title\" style=\"text-align: center\">IX Maz\u0101 Augusta Dombrovska konkurss<\/h2>\n<p style=\"text-align: center\"><img loading=\"lazy\" decoding=\"async\" class=\"alignnone size-medium wp-image-2258\" src=\"http:\/\/www.bmmp.lv\/muzikas\/wp-content\/uploads\/sites\/2\/2026\/03\/IMG_20260225_171709-225x300.jpg\" alt=\"Diploms par 2.vietu\" width=\"225\" height=\"300\" srcset=\"https:\/\/www.bmmp.lv\/muzikas\/wp-content\/uploads\/sites\/2\/2026\/03\/IMG_20260225_171709-225x300.jpg 225w, https:\/\/www.bmmp.lv\/muzikas\/wp-content\/uploads\/sites\/2\/2026\/03\/IMG_20260225_171709-768x1024.jpg 768w, https:\/\/www.bmmp.lv\/muzikas\/wp-content\/uploads\/sites\/2\/2026\/03\/IMG_20260225_171709.jpg 900w\" sizes=\"auto, (max-width: 225px) 100vw, 225px\" \/> <img loading=\"lazy\" decoding=\"async\" class=\"alignnone size-medium wp-image-2259\" src=\"http:\/\/www.bmmp.lv\/muzikas\/wp-content\/uploads\/sites\/2\/2026\/03\/IMG_20260225_153419-e1772371557881-225x300.jpg\" alt=\"Atzin\u012bbas raksts\" width=\"225\" height=\"300\" srcset=\"https:\/\/www.bmmp.lv\/muzikas\/wp-content\/uploads\/sites\/2\/2026\/03\/IMG_20260225_153419-e1772371557881-225x300.jpg 225w, https:\/\/www.bmmp.lv\/muzikas\/wp-content\/uploads\/sites\/2\/2026\/03\/IMG_20260225_153419-e1772371557881-768x1024.jpg 768w, https:\/\/www.bmmp.lv\/muzikas\/wp-content\/uploads\/sites\/2\/2026\/03\/IMG_20260225_153419-e1772371557881.jpg 900w\" sizes=\"auto, (max-width: 225px) 100vw, 225px\" \/><\/p>\n<h1 style=\"text-align: center\"><span style=\"font-size: 18pt\">Valsts konkursa Klaviersp\u0113le II k\u0101rta<\/span><\/h1>\n<p><img loading=\"lazy\" decoding=\"async\" class=\"alignnone size-medium wp-image-2243 aligncenter\" src=\"http:\/\/www.bmmp.lv\/muzikas\/wp-content\/uploads\/sites\/2\/2026\/01\/1000024712-225x300.jpg\" alt=\"Diploms K.Ilgunam\" width=\"225\" height=\"300\" srcset=\"https:\/\/www.bmmp.lv\/muzikas\/wp-content\/uploads\/sites\/2\/2026\/01\/1000024712-225x300.jpg 225w, https:\/\/www.bmmp.lv\/muzikas\/wp-content\/uploads\/sites\/2\/2026\/01\/1000024712.jpg 750w\" sizes=\"auto, (max-width: 225px) 100vw, 225px\" \/><img loading=\"lazy\" decoding=\"async\" class=\"alignnone size-medium wp-image-2242 aligncenter\" src=\"http:\/\/www.bmmp.lv\/muzikas\/wp-content\/uploads\/sites\/2\/2026\/01\/1000024713-225x300.jpg\" alt=\"Diploms K.Ilgunam\" width=\"225\" height=\"300\" srcset=\"https:\/\/www.bmmp.lv\/muzikas\/wp-content\/uploads\/sites\/2\/2026\/01\/1000024713-225x300.jpg 225w, https:\/\/www.bmmp.lv\/muzikas\/wp-content\/uploads\/sites\/2\/2026\/01\/1000024713.jpg 750w\" sizes=\"auto, (max-width: 225px) 100vw, 225px\" \/><\/p>\n<p style=\"text-align: center\"><span style=\"font-size: 18pt\"><strong>Izskan\u0113jis VII Starptautiskais jauno pianistu konkurss \u201cM\u016bsdienu klasika 2025!\u201d<\/strong><\/span><\/p>\n<p style=\"text-align: center\"><a href=\"http:\/\/www.bmmp.lv\/muzikas\/wp-content\/uploads\/sites\/2\/2025\/12\/\u0441\u043a\u0430\u043d\u0438\u0440\u043e\u0432\u0430\u043d\u0438\u04350081.pdf\" target=\"_blank\" rel=\"noopener\">Diploms Kristi\u0101nam Ilgunam<\/a><\/p>\n<h2 style=\"text-align: center\">III Starptautiskais Marka Rotko M\u016bsdienu m\u016bzikas jauno izpild\u012bt\u0101ju konkurss<\/h2>\n<p style=\"text-align: center\"><span style=\"font-size: 18pt\">2025. gada 12. apr\u012bl\u012b<\/span><\/p>\n<p style=\"text-align: center\"><a href=\"http:\/\/www.bmmp.lv\/muzikas\/wp-content\/uploads\/sites\/2\/2025\/04\/\u0441\u043a\u0430\u043d\u0438\u0440\u043e\u0432\u0430\u043d\u0438\u04350059.pdf\">I vieta 7.klavieru klases audz\u0113knim Jurijam Gu\u0161\u010dinam<\/a><\/p>\n<h2 style=\"text-align: center\">XV Starptautiskais Br\u0101\u013cu Medi\u0146u jauno pianistu konkurss<\/h2>\n<p style=\"text-align: center\"><span style=\"font-size: 18pt\">2025. gada 8. mart\u0101<\/span><\/p>\n<p style=\"text-align: center\"><a href=\"http:\/\/www.bmmp.lv\/muzikas\/wp-content\/uploads\/sites\/2\/2025\/03\/545a868d-8f17-42a1-8b58-3343aa0e85eb.pdf\" target=\"_blank\" rel=\"noopener\">Pateic\u012bba Paulam Riteram<\/a><\/p>\n<h2 style=\"text-align: center\">XIX Starptautiskais klavierm\u016bzikas izpild\u012bt\u0101ju solistu un klavierduetu\u00a0 konkurss &#8220;Konkurss 2024&#8221; 07.12.2024<\/h2>\n<p style=\"text-align: center\"><a href=\"http:\/\/www.bmmp.lv\/muzikas\/wp-content\/uploads\/sites\/2\/2024\/12\/\u0441\u043a\u0430\u043d\u0438\u0440\u043e\u0432\u0430\u043d\u0438\u04350054.pdf\" target=\"_blank\" rel=\"noopener\">Diploms Kristi\u0101nam Ilgunam<\/a><\/p>\n<h2 class=\"hero__title\" style=\"text-align: center\">X Mazpils\u0113tu un lauku m\u016bzikas skolu 5.-8. kla\u0161u pianistu konkurss Dobel\u0113 04.12.2024<\/h2>\n<p style=\"text-align: center\"><a href=\"http:\/\/www.bmmp.lv\/muzikas\/wp-content\/uploads\/sites\/2\/2024\/12\/%D1%81%D0%BA%D0%B0%D0%BD%D0%B8%D1%80%D0%BE%D0%B2%D0%B0%D0%BD%D0%B8%D0%B50052.pdf\" target=\"_blank\" rel=\"noopener\">Diploms Kristi\u0101nam Ilgunam<\/a><\/p>\n<p style=\"text-align: center\"><a href=\"http:\/\/www.bmmp.lv\/muzikas\/wp-content\/uploads\/sites\/2\/2024\/12\/%D1%81%D0%BA%D0%B0%D0%BD%D0%B8%D1%80%D0%BE%D0%B2%D0%B0%D0%BD%D0%B8%D0%B50049.pdf\" target=\"_blank\" rel=\"noopener\">Atzin\u012bba Jurijam Gu\u0161\u010dinam<\/a><\/p>\n<p style=\"text-align: center\"><a href=\"http:\/\/www.bmmp.lv\/muzikas\/wp-content\/uploads\/sites\/2\/2024\/12\/%D1%81%D0%BA%D0%B0%D0%BD%D0%B8%D1%80%D0%BE%D0%B2%D0%B0%D0%BD%D0%B8%D0%B50048.pdf\" target=\"_blank\" rel=\"noopener\">Pateic\u012bba An\u017eelikai Jercumai<\/a><\/p>\n<h3 style=\"text-align: center\">III Starptautiskais Oskara Stroka jauno pianistu un kompoistu konkurss<\/h3>\n<p style=\"text-align: center\">2024.gada 20.apr\u012bl\u012b, Daugavpil\u012b<\/p>\n<p><span data-contrast=\"none\">2024.gada 20. apr\u012bl\u012b\u00a0 BMMP\u00a0 6. klavieru klases audz\u0113k\u0146i\u00a0 Kristi\u0101ns Ilguns un Jurijs Gu\u0161\u010dins piedal\u012bj\u0101s III Starptautiskaj\u0101 Oskara Stroka pianistu un jauno komponistu konkurs\u0101 un izc\u012bn\u012bja II vietas katrs sav\u0101 vecuma grup\u0101.\u202fDal\u012bbnieku skaits bija liels \u2013 144 dal\u012bbnieki.\u202f<\/span><br \/>\n<b><span data-contrast=\"none\">SVEICAM:<\/span><\/b><br \/>\n<b><span data-contrast=\"none\">\u202f<\/span><\/b><br \/>\n<b><span data-contrast=\"none\">Kristi\u0101nu Ilgunu ar 2. vietu\u202fA 3 kategorij\u0101 <\/span><\/b><b><span data-contrast=\"none\">ped. An\u017eelika Jercuma<\/span><\/b><br \/>\n<b><span data-contrast=\"none\">Juriju Gu\u0161\u010dinu ar 2 vietu A 4 kategorij\u0101\u00a0 ped. <\/span><\/b><b><span data-contrast=\"none\">An\u017eelika Jercuma<\/span><\/b><span data-ccp-props=\"{&quot;134233117&quot;:true,&quot;134233118&quot;:true}\">\u00a0<\/span><\/p>\n<p><b><span data-contrast=\"none\">Paldies pedagogam An\u017eelikai Jercumai par ieguld\u012bto darbu audz\u0113k\u0146u sagatavo\u0161anai konkurs\u0101.<\/span><\/b><span data-ccp-props=\"{&quot;134233117&quot;:true,&quot;134233118&quot;:true}\">\u00a0<\/span><\/p>\n<p><span data-contrast=\"none\">Dir. V. Ilga Ozola<\/span><\/p>\n<p><a href=\"http:\/\/www.bmmp.lv\/muzikas\/wp-content\/uploads\/sites\/2\/2024\/04\/c5c0b901-ea3e-44d8-b459-aaf3c70ae1c7.pdf\">Diploms J.Gu\u0161\u010dins<\/a><\/p>\n<p><a href=\"http:\/\/www.bmmp.lv\/muzikas\/wp-content\/uploads\/sites\/2\/2024\/04\/97de2d92-e3a0-453e-b5dd-831dba3e07cf.pdf\">Diploms K.Ilguns<\/a><\/p>\n","protected":false},"excerpt":{"rendered":"<p>\u00a0IV Starptautiskais Oskara Stroka Jauno pianistu un komponistu konkursa fin\u0101ls 18.04.2026 Kategorija A \u2013 pianisti: Kristi\u0101ns Ilguns un Jurijs Gu\u0161\u010dins \u2013 I vieta Diploms &#8211; Gu\u0161\u010dins, Diploms &#8211; Ilguns Koncertmeistaru kategorij\u0101 D: Kristi\u0101ns Ilguns un Vivj\u0113na Svari\u0146a \u2013 II vieta Diploms &#8211; Ilguns, Svari\u0146a Ernests Kalni\u0146\u0161 \u2013 5. klavieru klase Diploms &#8211; Kalni\u0146\u0161 3. vieta [&hellip;]<\/p>\n","protected":false},"author":1,"featured_media":0,"parent":140,"menu_order":8,"comment_status":"closed","ping_status":"closed","template":"","meta":{"_acf_changed":false,"footnotes":""},"class_list":["post-1004","page","type-page","status-publish","hentry"],"acf":[],"_links":{"self":[{"href":"https:\/\/www.bmmp.lv\/muzikas\/wp-json\/wp\/v2\/pages\/1004","targetHints":{"allow":["GET"]}}],"collection":[{"href":"https:\/\/www.bmmp.lv\/muzikas\/wp-json\/wp\/v2\/pages"}],"about":[{"href":"https:\/\/www.bmmp.lv\/muzikas\/wp-json\/wp\/v2\/types\/page"}],"author":[{"embeddable":true,"href":"https:\/\/www.bmmp.lv\/muzikas\/wp-json\/wp\/v2\/users\/1"}],"replies":[{"embeddable":true,"href":"https:\/\/www.bmmp.lv\/muzikas\/wp-json\/wp\/v2\/comments?post=1004"}],"version-history":[{"count":5,"href":"https:\/\/www.bmmp.lv\/muzikas\/wp-json\/wp\/v2\/pages\/1004\/revisions"}],"predecessor-version":[{"id":2288,"href":"https:\/\/www.bmmp.lv\/muzikas\/wp-json\/wp\/v2\/pages\/1004\/revisions\/2288"}],"up":[{"embeddable":true,"href":"https:\/\/www.bmmp.lv\/muzikas\/wp-json\/wp\/v2\/pages\/140"}],"wp:attachment":[{"href":"https:\/\/www.bmmp.lv\/muzikas\/wp-json\/wp\/v2\/media?parent=1004"}],"curies":[{"name":"wp","href":"https:\/\/api.w.org\/{rel}","templated":true}]}}