{"id":981,"date":"2021-06-30T14:12:16","date_gmt":"2021-06-30T11:12:16","guid":{"rendered":"https:\/\/www.bmmp.lv\/pirmsskola\/?page_id=981"},"modified":"2026-03-16T18:06:35","modified_gmt":"2026-03-16T18:06:35","slug":"daliba-pasakumos","status":"publish","type":"page","link":"https:\/\/www.bmmp.lv\/makslas\/par-skolu\/daliba-pasakumos\/","title":{"rendered":"Stundu un konsult\u0101ciju saraksti"},"content":{"rendered":"<h3><\/h3>\n<h3>Stundu sarakstu 2025.\/26. m\u0101c\u012bbu gadam skat\u012bt<strong> <a href=\"http:\/\/www.bmmp.lv\/makslas\/wp-content\/uploads\/sites\/3\/2026\/03\/Stundu_saraksts_25_26_2.sem_.no_02.02.pdf\" target=\"_blank\" rel=\"noopener\">\u0161eit.<\/a><\/strong><\/h3>\n<p>Stundu saraksts var tikt main\u012bts piel\u0101gojot pamatskolas stundu grafikam<\/p>\n<h3 style=\"text-align: left\"><a href=\"http:\/\/www.bmmp.lv\/makslas\/wp-content\/uploads\/sites\/3\/2026\/01\/Konsultacijas_2025.26_2.semestris.pdf\" target=\"_blank\" rel=\"noopener\">Konsult\u0101cijas_2025\/26_2.semestrism<\/a><\/h3>\n","protected":false},"excerpt":{"rendered":"<p>Stundu sarakstu 2025.\/26. m\u0101c\u012bbu gadam skat\u012bt \u0161eit. Stundu saraksts var tikt main\u012bts piel\u0101gojot pamatskolas stundu grafikam Konsult\u0101cijas_2025\/26_2.semestrism<\/p>\n","protected":false},"author":1,"featured_media":0,"parent":140,"menu_order":10,"comment_status":"closed","ping_status":"closed","template":"","meta":{"_acf_changed":false,"footnotes":""},"class_list":["post-981","page","type-page","status-publish","hentry"],"acf":[],"_links":{"self":[{"href":"https:\/\/www.bmmp.lv\/makslas\/wp-json\/wp\/v2\/pages\/981","targetHints":{"allow":["GET"]}}],"collection":[{"href":"https:\/\/www.bmmp.lv\/makslas\/wp-json\/wp\/v2\/pages"}],"about":[{"href":"https:\/\/www.bmmp.lv\/makslas\/wp-json\/wp\/v2\/types\/page"}],"author":[{"embeddable":true,"href":"https:\/\/www.bmmp.lv\/makslas\/wp-json\/wp\/v2\/users\/1"}],"replies":[{"embeddable":true,"href":"https:\/\/www.bmmp.lv\/makslas\/wp-json\/wp\/v2\/comments?post=981"}],"version-history":[{"count":5,"href":"https:\/\/www.bmmp.lv\/makslas\/wp-json\/wp\/v2\/pages\/981\/revisions"}],"predecessor-version":[{"id":2681,"href":"https:\/\/www.bmmp.lv\/makslas\/wp-json\/wp\/v2\/pages\/981\/revisions\/2681"}],"up":[{"embeddable":true,"href":"https:\/\/www.bmmp.lv\/makslas\/wp-json\/wp\/v2\/pages\/140"}],"wp:attachment":[{"href":"https:\/\/www.bmmp.lv\/makslas\/wp-json\/wp\/v2\/media?parent=981"}],"curies":[{"name":"wp","href":"https:\/\/api.w.org\/{rel}","templated":true}]}}