{"id":976,"date":"2021-06-30T14:07:44","date_gmt":"2021-06-30T11:07:44","guid":{"rendered":"https:\/\/www.bmmp.lv\/pirmsskola\/?page_id=976"},"modified":"2026-03-24T14:15:46","modified_gmt":"2026-03-24T14:15:46","slug":"uznemsanas-kartiba","status":"publish","type":"page","link":"https:\/\/www.bmmp.lv\/makslas\/uznemsana\/uznemsanas-kartiba\/","title":{"rendered":"Uz\u0146em\u0161anas k\u0101rt\u012bba"},"content":{"rendered":"<p><b>S\u0101kas uz\u0146em\u0161ana m\u0101c\u012bb\u0101m Ber\u0123u M\u016bzikas un\u00a0<\/b><b>m\u0101kslas pamatskol\u0101<\/b><\/p>\n<p>I<b>esnieguma veidlapas, atrodamas skolas m\u0101jas lap\u0101<\/b>\u00a0&#8211;<a href=\"https:\/\/www.bmmp.lv\/uznemsana\/uznemsanas-kartiba\/\" target=\"_blank\" rel=\"noopener\" data-saferedirecturl=\"https:\/\/www.google.com\/url?q=https:\/\/www.bmmp.lv\/muzikas\/uznemsana\/uznemsanas-kartiba\/&amp;source=gmail&amp;ust=1744953617061000&amp;usg=AOvVaw1KY99udumSg1kDXsV__SKS\">Uz\u0146em\u0161anas k\u0101rt\u012bba un iesniegumi<\/a><\/p>\n<p>iesniegums, tiek pie\u0146emts kl\u0101tien\u0113 vai elektroniski e-past\u0101\u00a0<a href=\"mailto:bergu.pamatskola@ropazi.lv\">bergu.pamatskola@edu.ropazi.lv<\/a>, parakstot ar elektronisko parakstu.<\/p>\n<div>Profesion\u0101l\u0101s ievirzes izgl\u012bt\u012bbas programm\u0101s izgl\u012btojamais k\u0101rto uz\u0146em\u0161anas eks\u0101menu, konkursa k\u0101rt\u012bb\u0101. BMMP profesion\u0101l\u0101 ievirze\u00a0&#8220;Vizu\u0101li plastisk\u0101 m\u0101ksla&#8221; \u0161ogad (2026.gads) uz\u0146em\u0161ana pl\u0101nota<b>\u00a027.maij\u0101<\/b>.<\/div>\n<div aria-hidden=\"true\"><\/div>\n<div>Izgl\u012btojam\u0101 atbilst\u012bbu izgl\u012bt\u012bbas programmas \u201eVizu\u0101li plastisk\u0101 m\u0101ksla\u201d uzs\u0101k\u0161anai nosaka individu\u0101li p\u0101rbaudot m\u0101ksliniecisko uztveri:<\/div>\n<p style=\"padding-left: 40px\">1.<u>iest\u0101jp\u0101rbaud\u012bjuma uzdevums 1. kurs\u0101 <\/u>(pamatskolas 2. klase)\u00a0vai<u>\u00a02. kurs\u0101<\/u>\u00a0(uz vakantaj\u0101m viet\u0101m):<\/p>\n<p style=\"padding-left: 40px\">1.1. izt\u0113les darbs ar kr\u0101s\u0101m p\u0113c uzdot\u0101s t\u0113mas;<\/p>\n<p style=\"padding-left: 40px\">2. <u>iest\u0101jp\u0101rbaud\u012bjuma uzdevums 3.- 5. kurs\u0101<\/u>\u00a0(pamatskolas 4.-6. klase) uz vakantaj\u0101m viet\u0101m):<\/p>\n<p style=\"padding-left: 40px\">2.1. uzgleznot kluso dabu, kas sast\u0101v no 2-4 priek\u0161metiem.<\/p>\n<h3><strong>Darba v\u0113rt\u0113\u0161anas krit\u0113riji:\u00a0<\/strong><\/h3>\n<p><u>Izt\u0113les z\u012bm\u0113jumam:<\/u><\/p>\n<p>darba atbilst\u012bba t\u0113mai, darba pabeigt\u012bba \u2013 laukuma aizpild\u012bjums, kr\u0101su saska\u0146o\u0161anas prasmes, kompoz\u012bcija. Tehnika -kr\u0101su z\u012bmu\u013ci un akvare\u013cu kr\u0101sas.<\/p>\n<p><u>Gleznojumam no dabas ar gua\u0161u vai akvare\u013cu kr\u0101s\u0101m:<\/u><\/p>\n<p>priek\u0161metu iekompon\u0113\u0161ana lap\u0101, proporciju izj\u016bta, att\u0113lojot priek\u0161metus, kr\u0101su to\u0146u jauk\u0161anas prasmes.<\/p>\n<p>Skola\u00a0nodro\u0161ina ar z\u012bm\u0113\u0161anas pap\u012bru, \u016bdens traukiem un kr\u0101su jauk\u0161anas palet\u0113m, parastajiem z\u012bmu\u013ciem, gua\u0161as, akvare\u013cu kr\u0101s\u0101m, e\u013c\u013cas kr\u012bti\u0146iem, kr\u0101sainajiem z\u012bmu\u013ciem, ot\u0101m.<\/p>\n<p>St\u0101joties Skol\u0101 vec\u0101ks\/aizbildnis pirms uz\u0146em\u0161anas\u00a0 p\u0101rbaud\u012bjuma aizpilda un iesniedz elektroniski aizpild\u012btu<b>\u00a0<a href=\"https:\/\/docs.google.com\/document\/d\/1SqJD45S7fDbjlTVmhU-SVFt7a5sjdSom\/edit?usp=sharing&amp;ouid=102490041961510862689&amp;rtpof=true&amp;sd=true\" target=\"_blank\" rel=\"noopener\">Iesniegumu<\/a><\/b>\u00a0<b>par uz\u0146em\u0161anu.<\/b><\/p>\n<p>Papildus inform\u0101cija:<\/p>\n<p style=\"font-weight: 400\">dir. vietn. m\u0101ksl\u0101 Evita Kurti\u0146a pa t\u0101lr. 23003389<\/p>\n","protected":false},"excerpt":{"rendered":"<p>S\u0101kas uz\u0146em\u0161ana m\u0101c\u012bb\u0101m Ber\u0123u M\u016bzikas un\u00a0m\u0101kslas pamatskol\u0101 Iesnieguma veidlapas, atrodamas skolas m\u0101jas lap\u0101\u00a0&#8211;Uz\u0146em\u0161anas k\u0101rt\u012bba un iesniegumi iesniegums, tiek pie\u0146emts kl\u0101tien\u0113 vai elektroniski e-past\u0101\u00a0bergu.pamatskola@edu.ropazi.lv, parakstot ar elektronisko parakstu. Profesion\u0101l\u0101s ievirzes izgl\u012bt\u012bbas programm\u0101s izgl\u012btojamais k\u0101rto uz\u0146em\u0161anas eks\u0101menu, konkursa k\u0101rt\u012bb\u0101. BMMP profesion\u0101l\u0101 ievirze\u00a0&#8220;Vizu\u0101li plastisk\u0101 m\u0101ksla&#8221; \u0161ogad (2026.gads) uz\u0146em\u0161ana pl\u0101nota\u00a027.maij\u0101. Izgl\u012btojam\u0101 atbilst\u012bbu izgl\u012bt\u012bbas programmas \u201eVizu\u0101li plastisk\u0101 m\u0101ksla\u201d uzs\u0101k\u0161anai nosaka [&hellip;]<\/p>\n","protected":false},"author":1,"featured_media":2693,"parent":351,"menu_order":0,"comment_status":"closed","ping_status":"closed","template":"","meta":{"_acf_changed":false,"footnotes":""},"class_list":["post-976","page","type-page","status-publish","has-post-thumbnail","hentry"],"acf":[],"_links":{"self":[{"href":"https:\/\/www.bmmp.lv\/makslas\/wp-json\/wp\/v2\/pages\/976","targetHints":{"allow":["GET"]}}],"collection":[{"href":"https:\/\/www.bmmp.lv\/makslas\/wp-json\/wp\/v2\/pages"}],"about":[{"href":"https:\/\/www.bmmp.lv\/makslas\/wp-json\/wp\/v2\/types\/page"}],"author":[{"embeddable":true,"href":"https:\/\/www.bmmp.lv\/makslas\/wp-json\/wp\/v2\/users\/1"}],"replies":[{"embeddable":true,"href":"https:\/\/www.bmmp.lv\/makslas\/wp-json\/wp\/v2\/comments?post=976"}],"version-history":[{"count":5,"href":"https:\/\/www.bmmp.lv\/makslas\/wp-json\/wp\/v2\/pages\/976\/revisions"}],"predecessor-version":[{"id":2696,"href":"https:\/\/www.bmmp.lv\/makslas\/wp-json\/wp\/v2\/pages\/976\/revisions\/2696"}],"up":[{"embeddable":true,"href":"https:\/\/www.bmmp.lv\/makslas\/wp-json\/wp\/v2\/pages\/351"}],"wp:featuredmedia":[{"embeddable":true,"href":"https:\/\/www.bmmp.lv\/makslas\/wp-json\/wp\/v2\/media\/2693"}],"wp:attachment":[{"href":"https:\/\/www.bmmp.lv\/makslas\/wp-json\/wp\/v2\/media?parent=976"}],"curies":[{"name":"wp","href":"https:\/\/api.w.org\/{rel}","templated":true}]}}