{"id":202,"date":"2021-06-03T12:01:40","date_gmt":"2021-06-03T09:01:40","guid":{"rendered":"https:\/\/www.bmmp.lv\/pirmsskola\/?page_id=202"},"modified":"2024-04-15T12:27:47","modified_gmt":"2024-04-15T12:27:47","slug":"skolas-telpas-vides","status":"publish","type":"page","link":"https:\/\/www.bmmp.lv\/makslas\/par-skolu\/skolas-telpas-vides\/","title":{"rendered":"M\u016bsu vide"},"content":{"rendered":"<p>M\u016bsu skola atrodas ainaviski skaist\u0101 viet\u0101 Liel\u0101s Juglas upes ielok\u0101.<\/p>\n","protected":false},"excerpt":{"rendered":"<p>M\u016bsu skola atrodas ainaviski skaist\u0101 viet\u0101 Liel\u0101s Juglas upes ielok\u0101.<\/p>\n","protected":false},"author":1,"featured_media":1929,"parent":140,"menu_order":4,"comment_status":"closed","ping_status":"closed","template":"","meta":{"_acf_changed":false,"footnotes":""},"class_list":["post-202","page","type-page","status-publish","has-post-thumbnail","hentry"],"acf":[],"_links":{"self":[{"href":"https:\/\/www.bmmp.lv\/makslas\/wp-json\/wp\/v2\/pages\/202","targetHints":{"allow":["GET"]}}],"collection":[{"href":"https:\/\/www.bmmp.lv\/makslas\/wp-json\/wp\/v2\/pages"}],"about":[{"href":"https:\/\/www.bmmp.lv\/makslas\/wp-json\/wp\/v2\/types\/page"}],"author":[{"embeddable":true,"href":"https:\/\/www.bmmp.lv\/makslas\/wp-json\/wp\/v2\/users\/1"}],"replies":[{"embeddable":true,"href":"https:\/\/www.bmmp.lv\/makslas\/wp-json\/wp\/v2\/comments?post=202"}],"version-history":[{"count":3,"href":"https:\/\/www.bmmp.lv\/makslas\/wp-json\/wp\/v2\/pages\/202\/revisions"}],"predecessor-version":[{"id":1935,"href":"https:\/\/www.bmmp.lv\/makslas\/wp-json\/wp\/v2\/pages\/202\/revisions\/1935"}],"up":[{"embeddable":true,"href":"https:\/\/www.bmmp.lv\/makslas\/wp-json\/wp\/v2\/pages\/140"}],"wp:featuredmedia":[{"embeddable":true,"href":"https:\/\/www.bmmp.lv\/makslas\/wp-json\/wp\/v2\/media\/1929"}],"wp:attachment":[{"href":"https:\/\/www.bmmp.lv\/makslas\/wp-json\/wp\/v2\/media?parent=202"}],"curies":[{"name":"wp","href":"https:\/\/api.w.org\/{rel}","templated":true}]}}