{"id":1745,"date":"2024-02-07T15:23:19","date_gmt":"2024-02-07T15:23:19","guid":{"rendered":"https:\/\/www.bmmp.lv\/pirmsskola\/?page_id=1745"},"modified":"2025-02-23T19:58:18","modified_gmt":"2025-02-23T19:58:18","slug":"muzikas-makslas-izglitibas-programmas-2","status":"publish","type":"page","link":"https:\/\/www.bmmp.lv\/makslas\/uznemsana\/muzikas-makslas-izglitibas-programmas-2\/","title":{"rendered":"M\u0101kslas izgl\u012bt\u012bbas programmas"},"content":{"rendered":"<p><span style=\"font-size: 14pt\"><strong>Pied\u0101v\u0101jam:<\/strong><\/span><\/p>\n<p><span style=\"font-size: 14pt\"><strong>1 profesion\u0101l\u0101s ievirzes izgl\u012bt\u012bbas programmu, kur\u0101 vair\u0101kos m\u0101kslas priek\u0161metos att\u012bst\u012bt prasmes un talantus.<\/strong><\/span><\/p>\n<p>&nbsp;<\/p>\n","protected":false},"excerpt":{"rendered":"<p>Pied\u0101v\u0101jam: 1 profesion\u0101l\u0101s ievirzes izgl\u012bt\u012bbas programmu, kur\u0101 vair\u0101kos m\u0101kslas priek\u0161metos att\u012bst\u012bt prasmes un talantus. &nbsp;<\/p>\n","protected":false},"author":9,"featured_media":0,"parent":351,"menu_order":0,"comment_status":"closed","ping_status":"closed","template":"","meta":{"_acf_changed":false,"footnotes":""},"class_list":["post-1745","page","type-page","status-publish","hentry"],"acf":[],"_links":{"self":[{"href":"https:\/\/www.bmmp.lv\/makslas\/wp-json\/wp\/v2\/pages\/1745","targetHints":{"allow":["GET"]}}],"collection":[{"href":"https:\/\/www.bmmp.lv\/makslas\/wp-json\/wp\/v2\/pages"}],"about":[{"href":"https:\/\/www.bmmp.lv\/makslas\/wp-json\/wp\/v2\/types\/page"}],"author":[{"embeddable":true,"href":"https:\/\/www.bmmp.lv\/makslas\/wp-json\/wp\/v2\/users\/9"}],"replies":[{"embeddable":true,"href":"https:\/\/www.bmmp.lv\/makslas\/wp-json\/wp\/v2\/comments?post=1745"}],"version-history":[{"count":6,"href":"https:\/\/www.bmmp.lv\/makslas\/wp-json\/wp\/v2\/pages\/1745\/revisions"}],"predecessor-version":[{"id":2427,"href":"https:\/\/www.bmmp.lv\/makslas\/wp-json\/wp\/v2\/pages\/1745\/revisions\/2427"}],"up":[{"embeddable":true,"href":"https:\/\/www.bmmp.lv\/makslas\/wp-json\/wp\/v2\/pages\/351"}],"wp:attachment":[{"href":"https:\/\/www.bmmp.lv\/makslas\/wp-json\/wp\/v2\/media?parent=1745"}],"curies":[{"name":"wp","href":"https:\/\/api.w.org\/{rel}","templated":true}]}}