{"id":1004,"date":"2024-03-29T15:20:44","date_gmt":"2024-03-29T15:20:44","guid":{"rendered":"https:\/\/www.bmmp.lv\/pirmsskola\/?page_id=1004"},"modified":"2025-12-29T12:57:07","modified_gmt":"2025-12-29T12:57:07","slug":"sasniegumi-2024","status":"publish","type":"page","link":"https:\/\/www.bmmp.lv\/makslas\/par-skolu\/sasniegumi-2024\/","title":{"rendered":"Sasniegumi"},"content":{"rendered":"<h2 class=\"hero__title\">3.vieta konkurs\u0101 \u201cPriekules Ikars\u201d<\/h2>\n<p><img loading=\"lazy\" decoding=\"async\" class=\"alignnone size-medium wp-image-2656\" src=\"http:\/\/www.bmmp.lv\/makslas\/wp-content\/uploads\/sites\/3\/2025\/12\/581112636_1182532073843174_7818543184220532514_n-212x300.jpg\" alt=\"3.vieta konkurs\u0101 &quot;Priekules Ikars&quot;\" width=\"212\" height=\"300\" srcset=\"https:\/\/www.bmmp.lv\/makslas\/wp-content\/uploads\/sites\/3\/2025\/12\/581112636_1182532073843174_7818543184220532514_n-212x300.jpg 212w, https:\/\/www.bmmp.lv\/makslas\/wp-content\/uploads\/sites\/3\/2025\/12\/581112636_1182532073843174_7818543184220532514_n-724x1024.jpg 724w, https:\/\/www.bmmp.lv\/makslas\/wp-content\/uploads\/sites\/3\/2025\/12\/581112636_1182532073843174_7818543184220532514_n-768x1087.jpg 768w, https:\/\/www.bmmp.lv\/makslas\/wp-content\/uploads\/sites\/3\/2025\/12\/581112636_1182532073843174_7818543184220532514_n.jpg 848w\" sizes=\"auto, (max-width: 212px) 100vw, 212px\" \/> <img loading=\"lazy\" decoding=\"async\" class=\"alignnone size-medium wp-image-2657\" src=\"http:\/\/www.bmmp.lv\/makslas\/wp-content\/uploads\/sites\/3\/2025\/12\/579926450_1182532083843173_5704318271470322864_n-212x300.jpg\" alt=\"3.vieta konkurs\u0101 &quot;Priekules Ikars&quot;\" width=\"212\" height=\"300\" srcset=\"https:\/\/www.bmmp.lv\/makslas\/wp-content\/uploads\/sites\/3\/2025\/12\/579926450_1182532083843173_5704318271470322864_n-212x300.jpg 212w, https:\/\/www.bmmp.lv\/makslas\/wp-content\/uploads\/sites\/3\/2025\/12\/579926450_1182532083843173_5704318271470322864_n-724x1024.jpg 724w, https:\/\/www.bmmp.lv\/makslas\/wp-content\/uploads\/sites\/3\/2025\/12\/579926450_1182532083843173_5704318271470322864_n-768x1087.jpg 768w, https:\/\/www.bmmp.lv\/makslas\/wp-content\/uploads\/sites\/3\/2025\/12\/579926450_1182532083843173_5704318271470322864_n.jpg 848w\" sizes=\"auto, (max-width: 212px) 100vw, 212px\" \/><\/p>\n<h2 class=\"hero__title\">XXIV Starptautiskaj\u0101 b\u0113rnu un jaunie\u0161u grafikas biennal\u0113 Polij\u0101<\/h2>\n<p><img loading=\"lazy\" decoding=\"async\" class=\"alignnone size-medium wp-image-2650\" src=\"http:\/\/www.bmmp.lv\/makslas\/wp-content\/uploads\/sites\/3\/2025\/11\/Peteris-Grudulis-compressed-213x300.jpg\" alt=\"Diploms P\u0113terim Grudulim\" width=\"213\" height=\"300\" srcset=\"https:\/\/www.bmmp.lv\/makslas\/wp-content\/uploads\/sites\/3\/2025\/11\/Peteris-Grudulis-compressed-213x300.jpg 213w, https:\/\/www.bmmp.lv\/makslas\/wp-content\/uploads\/sites\/3\/2025\/11\/Peteris-Grudulis-compressed-725x1024.jpg 725w, https:\/\/www.bmmp.lv\/makslas\/wp-content\/uploads\/sites\/3\/2025\/11\/Peteris-Grudulis-compressed-768x1084.jpg 768w, https:\/\/www.bmmp.lv\/makslas\/wp-content\/uploads\/sites\/3\/2025\/11\/Peteris-Grudulis-compressed.jpg 850w\" sizes=\"auto, (max-width: 213px) 100vw, 213px\" \/> <img loading=\"lazy\" decoding=\"async\" class=\"alignnone size-medium wp-image-2649\" src=\"http:\/\/www.bmmp.lv\/makslas\/wp-content\/uploads\/sites\/3\/2025\/11\/Maija-Purgaile-compressed-213x300.jpg\" alt=\"Diploms Maijai Purgailei\" width=\"213\" height=\"300\" srcset=\"https:\/\/www.bmmp.lv\/makslas\/wp-content\/uploads\/sites\/3\/2025\/11\/Maija-Purgaile-compressed-213x300.jpg 213w, https:\/\/www.bmmp.lv\/makslas\/wp-content\/uploads\/sites\/3\/2025\/11\/Maija-Purgaile-compressed-725x1024.jpg 725w, https:\/\/www.bmmp.lv\/makslas\/wp-content\/uploads\/sites\/3\/2025\/11\/Maija-Purgaile-compressed-768x1084.jpg 768w, https:\/\/www.bmmp.lv\/makslas\/wp-content\/uploads\/sites\/3\/2025\/11\/Maija-Purgaile-compressed.jpg 850w\" sizes=\"auto, (max-width: 213px) 100vw, 213px\" \/> <img loading=\"lazy\" decoding=\"async\" class=\"alignnone size-medium wp-image-2648\" src=\"http:\/\/www.bmmp.lv\/makslas\/wp-content\/uploads\/sites\/3\/2025\/11\/Estere-Runce-compressed-218x300.jpg\" alt=\"Diploms Esterei Run\u010dei\" width=\"218\" height=\"300\" srcset=\"https:\/\/www.bmmp.lv\/makslas\/wp-content\/uploads\/sites\/3\/2025\/11\/Estere-Runce-compressed-218x300.jpg 218w, https:\/\/www.bmmp.lv\/makslas\/wp-content\/uploads\/sites\/3\/2025\/11\/Estere-Runce-compressed-745x1024.jpg 745w, https:\/\/www.bmmp.lv\/makslas\/wp-content\/uploads\/sites\/3\/2025\/11\/Estere-Runce-compressed-768x1056.jpg 768w, https:\/\/www.bmmp.lv\/makslas\/wp-content\/uploads\/sites\/3\/2025\/11\/Estere-Runce-compressed.jpg 873w\" sizes=\"auto, (max-width: 218px) 100vw, 218px\" \/><\/p>\n<h3>Apsveicam ar pan\u0101kumiem Starptautiskaj\u0101 konkurs\u0101 \u201cEs dz\u012bvoju pie j\u016bras\u201d.<\/h3>\n<p>Vasar\u0101 J\u016brmalas M\u0101kslas skolas telp\u0101s norisin\u0101j\u0101s XXI Starptautiskais m\u0101kslas<br \/>\nkonkurss &#8220;Es dz\u012bvoju pie j\u016bras&#8221;.<br \/>\nApsveicam S\u0101ru Gle\u0161ki un Jasm\u012bnu \u010campu ar sa\u0146emtaj\u0101m atzin\u012bb\u0101m!<br \/>\nSkolot\u0101ja Maija Purgaile.<\/p>\n<p><img loading=\"lazy\" decoding=\"async\" class=\"alignnone size-medium wp-image-2640\" src=\"http:\/\/www.bmmp.lv\/makslas\/wp-content\/uploads\/sites\/3\/2025\/10\/Sara-Jurmala25-212x300.jpg\" alt=\"\" width=\"212\" height=\"300\" srcset=\"https:\/\/www.bmmp.lv\/makslas\/wp-content\/uploads\/sites\/3\/2025\/10\/Sara-Jurmala25-212x300.jpg 212w, https:\/\/www.bmmp.lv\/makslas\/wp-content\/uploads\/sites\/3\/2025\/10\/Sara-Jurmala25-723x1024.jpg 723w, https:\/\/www.bmmp.lv\/makslas\/wp-content\/uploads\/sites\/3\/2025\/10\/Sara-Jurmala25-768x1088.jpg 768w, https:\/\/www.bmmp.lv\/makslas\/wp-content\/uploads\/sites\/3\/2025\/10\/Sara-Jurmala25.jpg 825w\" sizes=\"auto, (max-width: 212px) 100vw, 212px\" \/> \u00a0<img loading=\"lazy\" decoding=\"async\" class=\"alignnone size-medium wp-image-2642\" src=\"http:\/\/www.bmmp.lv\/makslas\/wp-content\/uploads\/sites\/3\/2025\/10\/Jasmina-C.Jurmala25-212x300.jpg\" alt=\"\" width=\"212\" height=\"300\" srcset=\"https:\/\/www.bmmp.lv\/makslas\/wp-content\/uploads\/sites\/3\/2025\/10\/Jasmina-C.Jurmala25-212x300.jpg 212w, https:\/\/www.bmmp.lv\/makslas\/wp-content\/uploads\/sites\/3\/2025\/10\/Jasmina-C.Jurmala25-724x1024.jpg 724w, https:\/\/www.bmmp.lv\/makslas\/wp-content\/uploads\/sites\/3\/2025\/10\/Jasmina-C.Jurmala25-768x1087.jpg 768w, https:\/\/www.bmmp.lv\/makslas\/wp-content\/uploads\/sites\/3\/2025\/10\/Jasmina-C.Jurmala25.jpg 826w\" sizes=\"auto, (max-width: 212px) 100vw, 212px\" \/><\/p>\n<p>&nbsp;<\/p>\n<p><a href=\"http:\/\/www.bmmp.lv\/makslas\/wp-content\/uploads\/sites\/3\/2025\/10\/Apsveicam-ar-panakumiem-Starptautiskaja-konkursa.pdf\">Apsveicam ar pan\u0101kumiem Starptautiskaj\u0101 konkurs\u0101<\/a><\/p>\n<h3>Apsveicam ar pan\u0101kumiem Francij\u0101!<\/h3>\n<p><span style=\"font-size: 12pt\">Sa\u0146emts diploms no Francijas, kur Veronika Kuz\u0146ecova \/sk. Maija Purgaile\/ veiksm\u012bgi piedal\u012bj\u0101s Starptautiskaj\u0101 m\u0101kslas konkurs\u0101, kura \u0161\u012b gada t\u0113ma velt\u012bta m\u0101kslai un kult\u016brai k\u0101 ce\u013cam uz mieru pasaul\u0113.<\/span><\/p>\n<p><img loading=\"lazy\" decoding=\"async\" class=\"alignnone size-medium wp-image-2634\" src=\"http:\/\/www.bmmp.lv\/makslas\/wp-content\/uploads\/sites\/3\/2025\/10\/Veronikas-dipl.Fr_-300x211.jpg\" alt=\"\" width=\"300\" height=\"211\" srcset=\"https:\/\/www.bmmp.lv\/makslas\/wp-content\/uploads\/sites\/3\/2025\/10\/Veronikas-dipl.Fr_-300x211.jpg 300w, https:\/\/www.bmmp.lv\/makslas\/wp-content\/uploads\/sites\/3\/2025\/10\/Veronikas-dipl.Fr_-1024x720.jpg 1024w, https:\/\/www.bmmp.lv\/makslas\/wp-content\/uploads\/sites\/3\/2025\/10\/Veronikas-dipl.Fr_-768x540.jpg 768w, https:\/\/www.bmmp.lv\/makslas\/wp-content\/uploads\/sites\/3\/2025\/10\/Veronikas-dipl.Fr_-rotated.jpg 1169w\" sizes=\"auto, (max-width: 300px) 100vw, 300px\" \/><\/p>\n<p><a href=\"http:\/\/www.bmmp.lv\/makslas\/wp-content\/uploads\/sites\/3\/2025\/10\/Apsveicam-ar-panakumiem-Francija.pdf\" target=\"_blank\" rel=\"noopener\">Apsveicam ar pan\u0101kumiem Francij\u0101<\/a><\/p>\n<p>Konkurs\u0101 piedal\u012bj\u0101s ap 3801 dal\u012bbnieks no 84 pasaules valst\u012bm.<br \/>\nApsveicam un nov\u0113lam t\u0101l\u0101kus pan\u0101kumus!<\/p>\n<p>&nbsp;<\/p>\n<h2>Nosl\u0113dzies XV Starptautiskais b\u0113rnu un jaunie\u0161u m\u0101kslas konkurss \u201cTrejdegsnis\/Triple Sun\u201d.<\/h2>\n<div>\n<div id=\":sp\" class=\"ii gt\">\n<div id=\":q4\" class=\"a3s aiL \">\n<div class=\"yj6qo\">Apsveicam M\u016bsu skolas audz\u0113k\u0146us \u2013<br \/>\nMeda\u013ca \u2013 Karl\u012bnai L\u012bdumai;<br \/>\n1.vieta \u2013 \u017danetei Mozgirai un m\u016bsu absolventei Nikoletai Sonei \/darbs tapis 7.kurs\u0101\/;<br \/>\n3.vieta \u2013 Adelei Amoli\u0146ai, Alisei Kamperovai, Madarai \u0160ulcai, Katr\u012bnai Kanneniecei.<br \/>\nAtzin\u012bba \u2013 1.kursa kolekt\u012bvajam darbam, 4.kursa kolekt\u012bvajam darbam, Lea Esterei Magidai, Martai<br \/>\nFreiment\u0101lei, Matildei Eglei, Robertam B\u0113rzi\u0146am, Ringlai R\u012btarasai Legzdi\u0146ai, Elzai P\u0113tersonei un<br \/>\nOliveram \u0136upim.<\/div>\n<\/div>\n<\/div>\n<\/div>\n<p><img loading=\"lazy\" decoding=\"async\" class=\"alignnone size-medium wp-image-2371\" src=\"http:\/\/www.bmmp.lv\/makslas\/wp-content\/uploads\/sites\/3\/2025\/02\/KATRINAI-KANNENIECEI-copy-1-300x212.jpg\" alt=\"KATR\u012aNAI KANNENIECEI\" width=\"300\" height=\"212\" srcset=\"https:\/\/www.bmmp.lv\/makslas\/wp-content\/uploads\/sites\/3\/2025\/02\/KATRINAI-KANNENIECEI-copy-1-300x212.jpg 300w, https:\/\/www.bmmp.lv\/makslas\/wp-content\/uploads\/sites\/3\/2025\/02\/KATRINAI-KANNENIECEI-copy-1-1024x724.jpg 1024w, https:\/\/www.bmmp.lv\/makslas\/wp-content\/uploads\/sites\/3\/2025\/02\/KATRINAI-KANNENIECEI-copy-1-768x543.jpg 768w, https:\/\/www.bmmp.lv\/makslas\/wp-content\/uploads\/sites\/3\/2025\/02\/KATRINAI-KANNENIECEI-copy-1.jpg 1200w\" sizes=\"auto, (max-width: 300px) 100vw, 300px\" \/> <img loading=\"lazy\" decoding=\"async\" class=\"alignnone size-medium wp-image-2373\" src=\"http:\/\/www.bmmp.lv\/makslas\/wp-content\/uploads\/sites\/3\/2025\/02\/Zanete-Mozgira-copy-1-300x212.jpg\" alt=\"\u017danete Mozgira\" width=\"300\" height=\"212\" srcset=\"https:\/\/www.bmmp.lv\/makslas\/wp-content\/uploads\/sites\/3\/2025\/02\/Zanete-Mozgira-copy-1-300x212.jpg 300w, https:\/\/www.bmmp.lv\/makslas\/wp-content\/uploads\/sites\/3\/2025\/02\/Zanete-Mozgira-copy-1-1024x724.jpg 1024w, https:\/\/www.bmmp.lv\/makslas\/wp-content\/uploads\/sites\/3\/2025\/02\/Zanete-Mozgira-copy-1-768x543.jpg 768w, https:\/\/www.bmmp.lv\/makslas\/wp-content\/uploads\/sites\/3\/2025\/02\/Zanete-Mozgira-copy-1.jpg 1200w\" sizes=\"auto, (max-width: 300px) 100vw, 300px\" \/> <img loading=\"lazy\" decoding=\"async\" class=\"alignnone size-medium wp-image-2372\" src=\"http:\/\/www.bmmp.lv\/makslas\/wp-content\/uploads\/sites\/3\/2025\/02\/MADARAI-SULCEI-copy-1-300x212.jpg\" alt=\"MADARAI \u0160ULCEI\" width=\"300\" height=\"212\" srcset=\"https:\/\/www.bmmp.lv\/makslas\/wp-content\/uploads\/sites\/3\/2025\/02\/MADARAI-SULCEI-copy-1-300x212.jpg 300w, https:\/\/www.bmmp.lv\/makslas\/wp-content\/uploads\/sites\/3\/2025\/02\/MADARAI-SULCEI-copy-1-1024x724.jpg 1024w, https:\/\/www.bmmp.lv\/makslas\/wp-content\/uploads\/sites\/3\/2025\/02\/MADARAI-SULCEI-copy-1-768x543.jpg 768w, https:\/\/www.bmmp.lv\/makslas\/wp-content\/uploads\/sites\/3\/2025\/02\/MADARAI-SULCEI-copy-1.jpg 1200w\" sizes=\"auto, (max-width: 300px) 100vw, 300px\" \/> <img loading=\"lazy\" decoding=\"async\" class=\"alignnone size-medium wp-image-2370\" src=\"http:\/\/www.bmmp.lv\/makslas\/wp-content\/uploads\/sites\/3\/2025\/02\/ALISEI-KAMPERNOVAI-copy-1-300x212.jpg\" alt=\"ALISEI KAMPERNOVAI\" width=\"300\" height=\"212\" srcset=\"https:\/\/www.bmmp.lv\/makslas\/wp-content\/uploads\/sites\/3\/2025\/02\/ALISEI-KAMPERNOVAI-copy-1-300x212.jpg 300w, https:\/\/www.bmmp.lv\/makslas\/wp-content\/uploads\/sites\/3\/2025\/02\/ALISEI-KAMPERNOVAI-copy-1-1024x724.jpg 1024w, https:\/\/www.bmmp.lv\/makslas\/wp-content\/uploads\/sites\/3\/2025\/02\/ALISEI-KAMPERNOVAI-copy-1-768x543.jpg 768w, https:\/\/www.bmmp.lv\/makslas\/wp-content\/uploads\/sites\/3\/2025\/02\/ALISEI-KAMPERNOVAI-copy-1.jpg 1200w\" sizes=\"auto, (max-width: 300px) 100vw, 300px\" \/> <img loading=\"lazy\" decoding=\"async\" class=\"alignnone size-medium wp-image-2368\" src=\"http:\/\/www.bmmp.lv\/makslas\/wp-content\/uploads\/sites\/3\/2025\/02\/Karlinas-dipl-um-med-300x164.jpg\" alt=\"Karl\u012bnas dipl um med.\" width=\"300\" height=\"164\" srcset=\"https:\/\/www.bmmp.lv\/makslas\/wp-content\/uploads\/sites\/3\/2025\/02\/Karlinas-dipl-um-med-300x164.jpg 300w, https:\/\/www.bmmp.lv\/makslas\/wp-content\/uploads\/sites\/3\/2025\/02\/Karlinas-dipl-um-med-768x419.jpg 768w, https:\/\/www.bmmp.lv\/makslas\/wp-content\/uploads\/sites\/3\/2025\/02\/Karlinas-dipl-um-med.jpg 841w\" sizes=\"auto, (max-width: 300px) 100vw, 300px\" \/> <img loading=\"lazy\" decoding=\"async\" class=\"alignnone size-medium wp-image-2369\" src=\"http:\/\/www.bmmp.lv\/makslas\/wp-content\/uploads\/sites\/3\/2025\/02\/ADELE-copy-1-300x212.jpg\" alt=\"ADELE\" width=\"300\" height=\"212\" srcset=\"https:\/\/www.bmmp.lv\/makslas\/wp-content\/uploads\/sites\/3\/2025\/02\/ADELE-copy-1-300x212.jpg 300w, https:\/\/www.bmmp.lv\/makslas\/wp-content\/uploads\/sites\/3\/2025\/02\/ADELE-copy-1-1024x724.jpg 1024w, https:\/\/www.bmmp.lv\/makslas\/wp-content\/uploads\/sites\/3\/2025\/02\/ADELE-copy-1-768x543.jpg 768w, https:\/\/www.bmmp.lv\/makslas\/wp-content\/uploads\/sites\/3\/2025\/02\/ADELE-copy-1.jpg 1200w\" sizes=\"auto, (max-width: 300px) 100vw, 300px\" \/><\/p>\n","protected":false},"excerpt":{"rendered":"<p>3.vieta konkurs\u0101 \u201cPriekules Ikars\u201d XXIV Starptautiskaj\u0101 b\u0113rnu un jaunie\u0161u grafikas biennal\u0113 Polij\u0101 Apsveicam ar pan\u0101kumiem Starptautiskaj\u0101 konkurs\u0101 \u201cEs dz\u012bvoju pie j\u016bras\u201d. Vasar\u0101 J\u016brmalas M\u0101kslas skolas telp\u0101s norisin\u0101j\u0101s XXI Starptautiskais m\u0101kslas konkurss &#8220;Es dz\u012bvoju pie j\u016bras&#8221;. Apsveicam S\u0101ru Gle\u0161ki un Jasm\u012bnu \u010campu ar sa\u0146emtaj\u0101m atzin\u012bb\u0101m! Skolot\u0101ja Maija Purgaile. \u00a0 &nbsp; Apsveicam ar pan\u0101kumiem Starptautiskaj\u0101 konkurs\u0101 Apsveicam [&hellip;]<\/p>\n","protected":false},"author":1,"featured_media":2636,"parent":140,"menu_order":8,"comment_status":"closed","ping_status":"closed","template":"","meta":{"_acf_changed":false,"footnotes":""},"class_list":["post-1004","page","type-page","status-publish","has-post-thumbnail","hentry"],"acf":[],"_links":{"self":[{"href":"https:\/\/www.bmmp.lv\/makslas\/wp-json\/wp\/v2\/pages\/1004","targetHints":{"allow":["GET"]}}],"collection":[{"href":"https:\/\/www.bmmp.lv\/makslas\/wp-json\/wp\/v2\/pages"}],"about":[{"href":"https:\/\/www.bmmp.lv\/makslas\/wp-json\/wp\/v2\/types\/page"}],"author":[{"embeddable":true,"href":"https:\/\/www.bmmp.lv\/makslas\/wp-json\/wp\/v2\/users\/1"}],"replies":[{"embeddable":true,"href":"https:\/\/www.bmmp.lv\/makslas\/wp-json\/wp\/v2\/comments?post=1004"}],"version-history":[{"count":5,"href":"https:\/\/www.bmmp.lv\/makslas\/wp-json\/wp\/v2\/pages\/1004\/revisions"}],"predecessor-version":[{"id":2661,"href":"https:\/\/www.bmmp.lv\/makslas\/wp-json\/wp\/v2\/pages\/1004\/revisions\/2661"}],"up":[{"embeddable":true,"href":"https:\/\/www.bmmp.lv\/makslas\/wp-json\/wp\/v2\/pages\/140"}],"wp:featuredmedia":[{"embeddable":true,"href":"https:\/\/www.bmmp.lv\/makslas\/wp-json\/wp\/v2\/media\/2636"}],"wp:attachment":[{"href":"https:\/\/www.bmmp.lv\/makslas\/wp-json\/wp\/v2\/media?parent=1004"}],"curies":[{"name":"wp","href":"https:\/\/api.w.org\/{rel}","templated":true}]}}